{"id":1303,"date":"2023-10-19T08:58:36","date_gmt":"2023-10-19T08:58:36","guid":{"rendered":"https:\/\/roadkingshagiang.monamedia.net\/?post_type=product&#038;p=1303"},"modified":"2025-06-03T10:09:11","modified_gmt":"2025-06-03T03:09:11","slug":"cho-thue-xe-may-100cc","status":"publish","type":"product","link":"https:\/\/roadkingshagiang.monamedia.net\/vi\/san-pham\/cho-thue-xe-may-100cc\/","title":{"rendered":"Cho Thu\u00ea xe m\u00e1y 100cc"},"content":{"rendered":"<p><strong>Kinh nghi\u1ec7m \u0111i H\u00e0 Giang<\/strong>\u00a0l\u00e0 b\u1ea1n n\u00ean\u00a0\u0111i b\u1eb1ng xe m\u00e1y t\u1eeb H\u00e0 Giang l\u00ean Tt \u0110\u1ed3ng V\u0103n \u2013 M\u00e8o V\u1ea1c. C\u00f2n t\u1eeb H\u00e0 N\u1ed9i l\u00ean t\u1edbi TP H\u00e0 Giang (320km) th\u00ec n\u00ean \u0111i b\u1eb1ng xe kh\u00e1ch \u0111\u1ec3 ng\u1ee7 cho kh\u1ecfi m\u1ec7t. Thu\u00ea\u00a0 m\u1ed9t chi\u1ebfc xe m\u00e1y \u0111i ph\u01b0\u1ee3t \u1edf quanh b\u1ebfn xe H\u00e0 Giang \u0111\u1ec3 \u0111i Qu\u1ea3n B\u1ea1, Y\u00ean Minh, \u0110\u1ed3ng V\u0103n, M\u00e8o V\u1ea1c.<\/p>\n<table style=\"height: 213px;\" width=\"522\">\n<tbody>\n<tr>\n<td bgcolor=\"#f1c40f\"><strong>Lo\u1ea1i xe cho thu\u00ea<\/strong><\/td>\n<td bgcolor=\"#f39c12\"><strong>Gi\u00e1 thu\u00ea xe (vn\u0111)<\/strong><\/td>\n<\/tr>\n<tr>\n<td>Honda Wave<\/td>\n<td>150.000vn\u0111\/ng\u00e0y<\/td>\n<\/tr>\n<tr>\n<td>Yamaha Sirius<\/td>\n<td>150.000vn\u0111\/ng\u00e0y<\/td>\n<\/tr>\n<tr>\n<td>Honda Vision<\/td>\n<td>150.000vn\u0111\/ng\u00e0y<\/td>\n<\/tr>\n<tr>\n<td>Suzuki Gd110<\/td>\n<td>200.000vn\u0111\/ng\u00e0y<\/td>\n<\/tr>\n<\/tbody>\n<\/table>\n","protected":false},"excerpt":{"rendered":"<p><strong>Kinh nghi\u1ec7m \u0111i H\u00e0 Giang<\/strong>\u00a0l\u00e0 b\u1ea1n n\u00ean\u00a0\u0111i b\u1eb1ng xe m\u00e1y t\u1eeb H\u00e0 Giang l\u00ean Tt \u0110\u1ed3ng V\u0103n \u2013 M\u00e8o V\u1ea1c. C\u00f2n t\u1eeb H\u00e0 N\u1ed9i l\u00ean t\u1edbi TP H\u00e0 Giang (320km) th\u00ec n\u00ean \u0111i b\u1eb1ng xe kh\u00e1ch \u0111\u1ec3 ng\u1ee7 cho kh\u1ecfi m\u1ec7t. Thu\u00ea\u00a0 m\u1ed9t chi\u1ebfc xe m\u00e1y \u0111i ph\u01b0\u1ee3t \u1edf quanh b\u1ebfn xe H\u00e0 Giang \u0111\u1ec3 \u0111i Qu\u1ea3n B\u1ea1, Y\u00ean Minh, \u0110\u1ed3ng V\u0103n, M\u00e8o V\u1ea1c.<\/p>\n","protected":false},"featured_media":1276,"comment_status":"open","ping_status":"closed","template":"","meta":[],"product_cat":[90,91],"product_tag":[],"yoast_head":"<!-- This site is optimized with the Yoast SEO plugin v21.3 - https:\/\/yoast.com\/wordpress\/plugins\/seo\/ -->\n<title>Cho Thu\u00ea xe m\u00e1y 100cc - Roadkings H\u00e0 Giang<\/title>\n<meta name=\"robots\" content=\"index, follow, max-snippet:-1, max-image-preview:large, max-video-preview:-1\" \/>\n<link rel=\"canonical\" href=\"https:\/\/roadkingshagiang.monamedia.net\/san-pham\/cho-thue-xe-may-100cc\/\" \/>\n<meta property=\"og:locale\" content=\"vi_VN\" \/>\n<meta property=\"og:type\" content=\"article\" \/>\n<meta property=\"og:title\" content=\"Cho Thu\u00ea xe m\u00e1y 100cc - Roadkings H\u00e0 Giang\" \/>\n<meta property=\"og:description\" content=\"Kinh nghi\u1ec7m \u0111i H\u00e0 Giang\u00a0l\u00e0 b\u1ea1n n\u00ean\u00a0\u0111i b\u1eb1ng xe m\u00e1y t\u1eeb H\u00e0 Giang l\u00ean Tt \u0110\u1ed3ng V\u0103n \u2013 M\u00e8o V\u1ea1c. C\u00f2n t\u1eeb H\u00e0 N\u1ed9i l\u00ean t\u1edbi TP H\u00e0 Giang (320km) th\u00ec n\u00ean \u0111i b\u1eb1ng xe kh\u00e1ch \u0111\u1ec3 ng\u1ee7 cho kh\u1ecfi m\u1ec7t. Thu\u00ea\u00a0 m\u1ed9t chi\u1ebfc xe m\u00e1y \u0111i ph\u01b0\u1ee3t \u1edf quanh b\u1ebfn xe H\u00e0 Giang \u0111\u1ec3 \u0111i Qu\u1ea3n B\u1ea1, Y\u00ean Minh, \u0110\u1ed3ng V\u0103n, M\u00e8o V\u1ea1c.\" \/>\n<meta property=\"og:url\" content=\"https:\/\/roadkingshagiang.monamedia.net\/san-pham\/cho-thue-xe-may-100cc\/\" \/>\n<meta property=\"og:site_name\" content=\"Roadkings H\u00e0 Giang\" \/>\n<meta property=\"article:modified_time\" content=\"2025-06-03T03:09:11+00:00\" \/>\n<meta property=\"og:image\" content=\"https:\/\/roadkingshagiang.monamedia.net\/wp-content\/uploads\/2022\/03\/xe-so-1.jpg\" \/>\n\t<meta property=\"og:image:width\" content=\"640\" \/>\n\t<meta property=\"og:image:height\" content=\"420\" \/>\n\t<meta property=\"og:image:type\" content=\"image\/jpeg\" \/>\n<meta name=\"twitter:card\" content=\"summary_large_image\" \/>\n<meta name=\"twitter:label1\" content=\"Est. reading time\" \/>\n\t<meta name=\"twitter:data1\" content=\"1 minute\" \/>\n<script type=\"application\/ld+json\" class=\"yoast-schema-graph\">{\"@context\":\"https:\/\/schema.org\",\"@graph\":[{\"@type\":\"WebPage\",\"@id\":\"https:\/\/roadkingshagiang.monamedia.net\/san-pham\/cho-thue-xe-may-100cc\/\",\"url\":\"https:\/\/roadkingshagiang.monamedia.net\/san-pham\/cho-thue-xe-may-100cc\/\",\"name\":\"Cho Thu\u00ea xe m\u00e1y 100cc - Roadkings H\u00e0 Giang\",\"isPartOf\":{\"@id\":\"https:\/\/roadkingshagiang.monamedia.net\/#website\"},\"datePublished\":\"2023-10-19T08:58:36+00:00\",\"dateModified\":\"2025-06-03T03:09:11+00:00\",\"breadcrumb\":{\"@id\":\"https:\/\/roadkingshagiang.monamedia.net\/san-pham\/cho-thue-xe-may-100cc\/#breadcrumb\"},\"inLanguage\":\"vi-VN\",\"potentialAction\":[{\"@type\":\"ReadAction\",\"target\":[\"https:\/\/roadkingshagiang.monamedia.net\/san-pham\/cho-thue-xe-may-100cc\/\"]}]},{\"@type\":\"BreadcrumbList\",\"@id\":\"https:\/\/roadkingshagiang.monamedia.net\/san-pham\/cho-thue-xe-may-100cc\/#breadcrumb\",\"itemListElement\":[{\"@type\":\"ListItem\",\"position\":1,\"name\":\"Trang ch\u1ee7\",\"item\":\"https:\/\/roadkingshagiang.monamedia.net\/vi\/\"},{\"@type\":\"ListItem\",\"position\":2,\"name\":\"C\u1eeda h\u00e0ng\",\"item\":\"https:\/\/roadkingshagiang.monamedia.net\/cua-hang\/\"},{\"@type\":\"ListItem\",\"position\":3,\"name\":\"Cho Thu\u00ea xe m\u00e1y 100cc\"}]},{\"@type\":\"WebSite\",\"@id\":\"https:\/\/roadkingshagiang.monamedia.net\/#website\",\"url\":\"https:\/\/roadkingshagiang.monamedia.net\/\",\"name\":\"Roadkings H\u00e0 Giang\",\"description\":\"\",\"potentialAction\":[{\"@type\":\"SearchAction\",\"target\":{\"@type\":\"EntryPoint\",\"urlTemplate\":\"https:\/\/roadkingshagiang.monamedia.net\/?s={search_term_string}\"},\"query-input\":\"required name=search_term_string\"}],\"inLanguage\":\"vi-VN\"}]}<\/script>\n<!-- \/ Yoast SEO plugin. -->","yoast_head_json":{"title":"Cho Thu\u00ea xe m\u00e1y 100cc - Roadkings H\u00e0 Giang","robots":{"index":"index","follow":"follow","max-snippet":"max-snippet:-1","max-image-preview":"max-image-preview:large","max-video-preview":"max-video-preview:-1"},"canonical":"https:\/\/roadkingshagiang.monamedia.net\/san-pham\/cho-thue-xe-may-100cc\/","og_locale":"vi_VN","og_type":"article","og_title":"Cho Thu\u00ea xe m\u00e1y 100cc - Roadkings H\u00e0 Giang","og_description":"Kinh nghi\u1ec7m \u0111i H\u00e0 Giang\u00a0l\u00e0 b\u1ea1n n\u00ean\u00a0\u0111i b\u1eb1ng xe m\u00e1y t\u1eeb H\u00e0 Giang l\u00ean Tt \u0110\u1ed3ng V\u0103n \u2013 M\u00e8o V\u1ea1c. C\u00f2n t\u1eeb H\u00e0 N\u1ed9i l\u00ean t\u1edbi TP H\u00e0 Giang (320km) th\u00ec n\u00ean \u0111i b\u1eb1ng xe kh\u00e1ch \u0111\u1ec3 ng\u1ee7 cho kh\u1ecfi m\u1ec7t. Thu\u00ea\u00a0 m\u1ed9t chi\u1ebfc xe m\u00e1y \u0111i ph\u01b0\u1ee3t \u1edf quanh b\u1ebfn xe H\u00e0 Giang \u0111\u1ec3 \u0111i Qu\u1ea3n B\u1ea1, Y\u00ean Minh, \u0110\u1ed3ng V\u0103n, M\u00e8o V\u1ea1c.","og_url":"https:\/\/roadkingshagiang.monamedia.net\/san-pham\/cho-thue-xe-may-100cc\/","og_site_name":"Roadkings H\u00e0 Giang","article_modified_time":"2025-06-03T03:09:11+00:00","og_image":[{"width":640,"height":420,"url":"https:\/\/roadkingshagiang.monamedia.net\/wp-content\/uploads\/2022\/03\/xe-so-1.jpg","type":"image\/jpeg"}],"twitter_card":"summary_large_image","twitter_misc":{"Est. reading time":"1 minute"},"schema":{"@context":"https:\/\/schema.org","@graph":[{"@type":"WebPage","@id":"https:\/\/roadkingshagiang.monamedia.net\/san-pham\/cho-thue-xe-may-100cc\/","url":"https:\/\/roadkingshagiang.monamedia.net\/san-pham\/cho-thue-xe-may-100cc\/","name":"Cho Thu\u00ea xe m\u00e1y 100cc - Roadkings H\u00e0 Giang","isPartOf":{"@id":"https:\/\/roadkingshagiang.monamedia.net\/#website"},"datePublished":"2023-10-19T08:58:36+00:00","dateModified":"2025-06-03T03:09:11+00:00","breadcrumb":{"@id":"https:\/\/roadkingshagiang.monamedia.net\/san-pham\/cho-thue-xe-may-100cc\/#breadcrumb"},"inLanguage":"vi-VN","potentialAction":[{"@type":"ReadAction","target":["https:\/\/roadkingshagiang.monamedia.net\/san-pham\/cho-thue-xe-may-100cc\/"]}]},{"@type":"BreadcrumbList","@id":"https:\/\/roadkingshagiang.monamedia.net\/san-pham\/cho-thue-xe-may-100cc\/#breadcrumb","itemListElement":[{"@type":"ListItem","position":1,"name":"Trang ch\u1ee7","item":"https:\/\/roadkingshagiang.monamedia.net\/vi\/"},{"@type":"ListItem","position":2,"name":"C\u1eeda h\u00e0ng","item":"https:\/\/roadkingshagiang.monamedia.net\/cua-hang\/"},{"@type":"ListItem","position":3,"name":"Cho Thu\u00ea xe m\u00e1y 100cc"}]},{"@type":"WebSite","@id":"https:\/\/roadkingshagiang.monamedia.net\/#website","url":"https:\/\/roadkingshagiang.monamedia.net\/","name":"Roadkings H\u00e0 Giang","description":"","potentialAction":[{"@type":"SearchAction","target":{"@type":"EntryPoint","urlTemplate":"https:\/\/roadkingshagiang.monamedia.net\/?s={search_term_string}"},"query-input":"required name=search_term_string"}],"inLanguage":"vi-VN"}]}},"_links":{"self":[{"href":"https:\/\/roadkingshagiang.monamedia.net\/vi\/wp-json\/wp\/v3\/product\/1303"}],"collection":[{"href":"https:\/\/roadkingshagiang.monamedia.net\/vi\/wp-json\/wp\/v3\/product"}],"about":[{"href":"https:\/\/roadkingshagiang.monamedia.net\/vi\/wp-json\/wp\/v2\/types\/product"}],"replies":[{"embeddable":true,"href":"https:\/\/roadkingshagiang.monamedia.net\/vi\/wp-json\/wp\/v2\/comments?post=1303"}],"wp:featuredmedia":[{"embeddable":true,"href":"https:\/\/roadkingshagiang.monamedia.net\/vi\/wp-json\/wp\/v2\/media\/1276"}],"wp:attachment":[{"href":"https:\/\/roadkingshagiang.monamedia.net\/vi\/wp-json\/wp\/v2\/media?parent=1303"}],"wp:term":[{"taxonomy":"product_cat","embeddable":true,"href":"https:\/\/roadkingshagiang.monamedia.net\/vi\/wp-json\/wp\/v2\/product_cat?post=1303"},{"taxonomy":"product_tag","embeddable":true,"href":"https:\/\/roadkingshagiang.monamedia.net\/vi\/wp-json\/wp\/v2\/product_tag?post=1303"}],"curies":[{"name":"wp","href":"https:\/\/api.w.org\/{rel}","templated":true}]}}